{"id":103,"date":"2015-12-13T10:43:36","date_gmt":"2015-12-13T09:43:36","guid":{"rendered":"https:\/\/choeur-a-cappella.ch\/?page_id=103"},"modified":"2020-10-19T14:18:05","modified_gmt":"2020-10-19T13:18:05","slug":"liens","status":"publish","type":"page","link":"https:\/\/choeur-a-cappella.ch\/index.php\/liens\/","title":{"rendered":"Liens"},"content":{"rendered":"<p style=\"text-align: center;\"><strong>Chorales et musiciens Suisses<\/strong><\/p>\n<p style=\"text-align: center;\">Luc Baghdassarian \u2013 Chef d\u2019orchestre<\/p>\n<p style=\"text-align: center;\"><a href=\"http:\/\/www.lucbaghdassarian.com\/\">http:\/\/www.lucbaghdassarian.com<\/a><\/p>\n<p style=\"text-align: center;\">Ch\u0153ur symphonique de Vevey<\/p>\n<p style=\"text-align: center;\"><a href=\"http:\/\/csvevey.ch\/\">http:\/\/csvevey.ch<\/a><\/p>\n<p style=\"text-align: center;\">L&rsquo;ensemble Vocal de l&rsquo;Auberson EVA<\/p>\n<p style=\"text-align: center;\"><a href=\"http:\/\/evauberson.wordpress.com\" target=\"_blank\" rel=\"noopener\">http:\/\/evauberson.wordpress.com<\/a><\/p>\n<p style=\"text-align: center;\">L&rsquo;Orchestre d&rsquo;Yverdon-les-Bains<\/p>\n<p style=\"text-align: center;\"><a href=\"http:\/\/www.orchestre-yverdon.ch\/\" target=\"_blank\" rel=\"noopener\">http:\/\/www.orchestre-yverdon.ch\/<\/a><\/p>\n<p>&nbsp;<\/p>\n<p style=\"text-align: center;\"><strong>Mouvements et associations<\/strong><\/p>\n<p style=\"text-align: center;\">Conf\u00e9rence des Soci\u00e9t\u00e9s Chorales Vaudoises de Concert<\/p>\n<p style=\"text-align: center;\"><a href=\"http:\/\/www.cscvc.ch\/\" target=\"_blank\" rel=\"noopener\">http:\/\/www.cscvc.ch\/<\/a><\/p>\n<p>&nbsp;<\/p>\n<p style=\"text-align: center;\"><strong>Divers<\/strong><\/p>\n<p style=\"text-align: center;\">L&rsquo;atelier photo LE MERIDIEN<\/p>\n<p style=\"text-align: center;\"><a href=\"http:\/\/www.lemeridien.ch\/\">http:\/\/www.lemeridien.ch\/<\/a><\/p>\n<p style=\"text-align: center;\">La commune d&rsquo;Yverdon-les-Bains<\/p>\n<p style=\"text-align: center;\"><a href=\"http:\/\/www.yverdon-les-bains.ch\/\">http:\/\/www.yverdon-les-bains.ch\/<\/a><\/p>\n","protected":false},"excerpt":{"rendered":"<p>Chorales et musiciens Suisses Luc Baghdassarian \u2013 Chef d\u2019orchestre http:\/\/www.lucbaghdassarian.com Ch\u0153ur symphonique de Vevey http:\/\/csvevey.ch L&rsquo;ensemble Vocal de l&rsquo;Auberson EVA http:\/\/evauberson.wordpress.com L&rsquo;Orchestre d&rsquo;Yverdon-les-Bains http:\/\/www.orchestre-yverdon.ch\/ &nbsp; Mouvements et associations Conf\u00e9rence des Soci\u00e9t\u00e9s Chorales Vaudoises de Concert http:\/\/www.cscvc.ch\/ &nbsp; Divers L&rsquo;atelier photo LE MERIDIEN http:\/\/www.lemeridien.ch\/ La commune d&rsquo;Yverdon-les-Bains http:\/\/www.yverdon-les-bains.ch\/<\/p>\n","protected":false},"author":2,"featured_media":0,"parent":0,"menu_order":0,"comment_status":"closed","ping_status":"closed","template":"","meta":{"footnotes":""},"class_list":["post-103","page","type-page","status-publish","hentry"],"_links":{"self":[{"href":"https:\/\/choeur-a-cappella.ch\/index.php\/wp-json\/wp\/v2\/pages\/103","targetHints":{"allow":["GET"]}}],"collection":[{"href":"https:\/\/choeur-a-cappella.ch\/index.php\/wp-json\/wp\/v2\/pages"}],"about":[{"href":"https:\/\/choeur-a-cappella.ch\/index.php\/wp-json\/wp\/v2\/types\/page"}],"author":[{"embeddable":true,"href":"https:\/\/choeur-a-cappella.ch\/index.php\/wp-json\/wp\/v2\/users\/2"}],"replies":[{"embeddable":true,"href":"https:\/\/choeur-a-cappella.ch\/index.php\/wp-json\/wp\/v2\/comments?post=103"}],"version-history":[{"count":5,"href":"https:\/\/choeur-a-cappella.ch\/index.php\/wp-json\/wp\/v2\/pages\/103\/revisions"}],"predecessor-version":[{"id":5583,"href":"https:\/\/choeur-a-cappella.ch\/index.php\/wp-json\/wp\/v2\/pages\/103\/revisions\/5583"}],"wp:attachment":[{"href":"https:\/\/choeur-a-cappella.ch\/index.php\/wp-json\/wp\/v2\/media?parent=103"}],"curies":[{"name":"wp","href":"https:\/\/api.w.org\/{rel}","templated":true}]}}