{"id":106,"date":"2015-12-13T10:57:03","date_gmt":"2015-12-13T09:57:03","guid":{"rendered":"https:\/\/choeur-a-cappella.ch\/?page_id=106"},"modified":"2020-10-19T13:55:02","modified_gmt":"2020-10-19T12:55:02","slug":"comite","status":"publish","type":"page","link":"https:\/\/choeur-a-cappella.ch\/index.php\/comite\/","title":{"rendered":"Notre Chef de Choeur"},"content":{"rendered":"<p style=\"text-align: center;\"><span style=\"color: #333333;\"><strong>Luc Baghdassarian, Pianiste, Chef d&rsquo;Orchestre et Chef de Ch\u0153ur<br \/>\n<\/strong><\/span><\/p>\n<p style=\"text-align: justify;\"><a href=\"https:\/\/choeur-a-cappella.ch\/wp-content\/uploads\/2020\/10\/BRLuc-Baghdassarian-02a.jpg\"><img loading=\"lazy\" decoding=\"async\" class=\"aligncenter size-medium wp-image-5658\" src=\"https:\/\/choeur-a-cappella.ch\/wp-content\/uploads\/2020\/10\/BRLuc-Baghdassarian-02a-229x300.jpg\" alt=\"\" width=\"229\" height=\"300\" srcset=\"https:\/\/choeur-a-cappella.ch\/wp-content\/uploads\/2020\/10\/BRLuc-Baghdassarian-02a-229x300.jpg 229w, https:\/\/choeur-a-cappella.ch\/wp-content\/uploads\/2020\/10\/BRLuc-Baghdassarian-02a-768x1007.jpg 768w, https:\/\/choeur-a-cappella.ch\/wp-content\/uploads\/2020\/10\/BRLuc-Baghdassarian-02a-781x1024.jpg 781w, https:\/\/choeur-a-cappella.ch\/wp-content\/uploads\/2020\/10\/BRLuc-Baghdassarian-02a.jpg 1000w\" sizes=\"auto, (max-width: 229px) 100vw, 229px\" \/><\/a><\/p>\n<p style=\"text-align: justify;\">Luc Baghdassarian a accompli ses \u00e9tudes au Conservatoire Sup\u00e9rieur de Musique de Gen\u00e8ve. Il obtient le dipl\u00f4me de direction d\u2019orchestre avec Arpad Gerecz et un premier prix de virtuosit\u00e9 de piano dans la classe de Maria Tipo. Il se produit notamment comme soliste avec l\u2019Orchestre de la Suisse Romande et est nomm\u00e9 Artiste B\u00f6sendorfer en 2014.<\/p>\n<p style=\"text-align: justify;\">Il est l&rsquo;invit\u00e9 de plusieurs orchestres renomm\u00e9s tels que l&rsquo;Orchestra Sinfonica di Roma, l&rsquo;Orchestre Amadeus de Paris, l&rsquo;Orchestre Philharmonique d&rsquo;Arm\u00e9nie, l&rsquo;Orchestre de Chambre de Bucarest, l\u2019Orchestre Philharmonique de Cluj, ainsi que du Sinfonietta de Lausanne, de l\u2019Orchestre de Chambre de Gen\u00e8ve, de l\u2019Orchestre de Chambre de Lausanne et de l&rsquo;Orchestre de la Suisse Romande.<\/p>\n<p style=\"text-align: justify;\">Directeur Artistique de l&rsquo;Orchestre des Gymnases Lausannois et du Choeur Symphonique de Vevey depuis 1998, il fonde en 2015 l&rsquo;ORS &#8211; l\u2019Orchestre Riviera Symphonique et l&rsquo;OVS &#8211; l\u2019Orchestre des Variations Symphoniques, nouvelle phalange professionnelle de l\u2019arc l\u00e9manique.<br \/>\nEn 2017, il est l\u2019invit\u00e9 de l\u2019Orchestre du Caroga Lake Music Festival (NY).<br \/>\nDepuis 2011, il collabore et donne r\u00e9guli\u00e8rement des concerts avec le Choeur A Cappella d\u2019Yverdon. C\u2019est donc tout naturellement qu\u2019il prend en septembre 2020 la Direction Artistique de cet ensemble. Une nomination qui lui tenait \u00e0 coeur.<\/p>\n","protected":false},"excerpt":{"rendered":"<p>Luc Baghdassarian, Pianiste, Chef d&rsquo;Orchestre et Chef de Ch\u0153ur Luc Baghdassarian a accompli ses \u00e9tudes au Conservatoire Sup\u00e9rieur de Musique de Gen\u00e8ve. Il obtient le dipl\u00f4me de direction d\u2019orchestre avec Arpad Gerecz et un premier prix de virtuosit\u00e9 de piano dans la classe de Maria Tipo. Il se produit notamment comme soliste avec l\u2019Orchestre de [&hellip;]<\/p>\n","protected":false},"author":2,"featured_media":0,"parent":0,"menu_order":0,"comment_status":"closed","ping_status":"closed","template":"","meta":{"footnotes":""},"class_list":["post-106","page","type-page","status-publish","hentry"],"_links":{"self":[{"href":"https:\/\/choeur-a-cappella.ch\/index.php\/wp-json\/wp\/v2\/pages\/106","targetHints":{"allow":["GET"]}}],"collection":[{"href":"https:\/\/choeur-a-cappella.ch\/index.php\/wp-json\/wp\/v2\/pages"}],"about":[{"href":"https:\/\/choeur-a-cappella.ch\/index.php\/wp-json\/wp\/v2\/types\/page"}],"author":[{"embeddable":true,"href":"https:\/\/choeur-a-cappella.ch\/index.php\/wp-json\/wp\/v2\/users\/2"}],"replies":[{"embeddable":true,"href":"https:\/\/choeur-a-cappella.ch\/index.php\/wp-json\/wp\/v2\/comments?post=106"}],"version-history":[{"count":5,"href":"https:\/\/choeur-a-cappella.ch\/index.php\/wp-json\/wp\/v2\/pages\/106\/revisions"}],"predecessor-version":[{"id":5659,"href":"https:\/\/choeur-a-cappella.ch\/index.php\/wp-json\/wp\/v2\/pages\/106\/revisions\/5659"}],"wp:attachment":[{"href":"https:\/\/choeur-a-cappella.ch\/index.php\/wp-json\/wp\/v2\/media?parent=106"}],"curies":[{"name":"wp","href":"https:\/\/api.w.org\/{rel}","templated":true}]}}