{"id":11,"date":"2015-12-16T15:20:19","date_gmt":"2015-12-16T14:20:19","guid":{"rendered":"https:\/\/choeur-a-cappella.ch\/?page_id=11"},"modified":"2020-10-19T13:56:09","modified_gmt":"2020-10-19T12:56:09","slug":"histoire","status":"publish","type":"page","link":"https:\/\/choeur-a-cappella.ch\/index.php\/histoire\/","title":{"rendered":"Histoire"},"content":{"rendered":"<p>Fond\u00e9 en 1964 par Jean-Pierre Bovey, l\u2019ensemble vocal A Cappella s\u2019est tout de suite sp\u00e9cialis\u00e9 dans le r\u00e9pertoire sacr\u00e9 et classique allant des madrigaux de la Renaissance \u00e0 C\u00e9sar Franck, Purcell, Faur\u00e9, Poulenc, etc.<\/p>\n<p>Compos\u00e9 de 60 chanteurs, il a \u00e9t\u00e9 dirig\u00e9 depuis 1996 jusqu&rsquo;\u00e0 2020 par V\u00e9ronika Horber avec laquelle il a interpr\u00e9t\u00e9 de grandes \u0153uvres tant \u00e0 Yverdon qu\u2019\u00e0 l\u2019ext\u00e9rieur, que ce soit seul ou associ\u00e9 avec d&rsquo;autres choeurs, avec lesquels nous collaborons toujours volontiers. C&rsquo;est ainsi que nous avons interp\u00e9t\u00e9 ces derni\u00e8res ann\u00e9es la messe en R\u00e9 de Dvorak, le Stabat Mater de Schubert, le Gloria de Vivaldi ou encore la magnifique Messe de chambre en r\u00e9 du compositeur Challensois Blaise Mettraux<\/p>\n<p>Associ\u00e9 au Ch\u0153ur Symphonique de Vevey et \u00e0 l\u2019Orchestre Ribaupierre, dirig\u00e9 par Luc Baghdassarian, il a chant\u00e9 dans le cadre des Concertus Saisonnus, de magifiques oeuvres dont la monumentale 9\u00e8me Symphonie de Beethoven, des airs d\u2019op\u00e9ra et les Carmina Burana, donn\u00e9s chaque fois \u00e0 l\u2019Auditorium Stravinski de Montreux et au Victoria Hall de Gen\u00e8ve.<\/p>\n<p>Le 6 avril 2014, \u00e0 la Marive \u00e0 Yverdon et \u00e0 l\u2019occasion de son 50\u00e8me anniversaire, le Ch\u0153ur A Cappella en collaboration avec le Ch\u0153ur symphonique de Vevey, dans une version avec 2 pianos \u00e0 queue et percussions, a chant\u00e9 les Carmina Burana de Carf Orff, qui connurent un vif succ\u00e8s.<\/p>\n<p>En novembre 2014, en collaboration avec l\u2019Ensemble Vocal de l\u2019Auberson, A Cappella a interpr\u00e9t\u00e9 le Requiem de Faur\u00e9, ce qui a amen\u00e9 nos deux ensembles vocaux \u00e0 tenter \u00e0 nouveau avec succ\u00e8s une nouvelle exp\u00e9rience au printemps 2015 avec la magnifique Messe op. 12 de C\u00e9sar Franck. L&rsquo;ann\u00e9e 2015 s&rsquo;est termin\u00e9e en apoth\u00e9ose avec un concert de No\u00ebl le 4 d\u00e9cembre au Temple d&rsquo;Yverdon avec une messe de Anton Bruckner et l&rsquo;Oratorio de No\u00ebl de Camille Saint-Saens, accompagn\u00e9s \u00e0 l&rsquo;orgue par Guilhem Lavignotte et \u00e0 la harpe par Ad\u00e8le Savoy.<\/p>\n<p>2016 d\u00e9marre intensivement puisque nous avons le plaisir d&rsquo;interpr\u00e9ter \u00e0 nouveau la IX\u00e8me symphonie de Beethoven avec son \u00ab\u00a0hymne \u00e0 la joie\u00a0\u00bb \u00e0 la salle Del Castillo \u00e0 Vevey et au Victoria Hall de Gen\u00e8ve devant des auditoires conquis, sous la baguette du Chef Luc Baghdassarian et avec un orchestre symphonique \u00ab\u00a0Riviera Symphonique\u00a0\u00bb aux sonorit\u00e9s profondes et prenantes, puis en nous continuons en d\u00e9cembre avec une Grande Messe en ut de Mozart dans un temple d&rsquo;Yverdon bond\u00e9.<\/p>\n<p>2017 a \u00e9t\u00e9 une grande ann\u00e9e pour notre ville d&rsquo;Yverdon puisqu&rsquo;elle a accueilli les 9 et 10 septembre la XX\u00e8me Schubertiade d&rsquo;Espace 2. Nous avons eu le privil\u00e8ge d&rsquo;y interpr\u00e9ter une Messe pastorale de Diabelli, accompagn\u00e9s par l&rsquo;Orchestre d&rsquo;Yverdon et son Chef Christian Delafontaine.<\/p>\n<p>Depuis nous avons continu\u00e9 avec les grandes oeuvres du r\u00e9pertoire classique avec le Requiem de Mozart et l&rsquo;Oratorio de No\u00ebl de J-S Bach.<\/p>\n<p>En 2020, Veronika Horber, apr\u00e8s avoir pass\u00e9 24 ans parmi nous, a souhait\u00e9 se retirer. Sa direction experte nous a conduit \u00e0 vivre de grands moments musicaux, nous a permis de r\u00e9aliser de magnifiques rencontres et nous a insuffl\u00e9 une \u00e9nergie communicative, du plaisir \u00e0 chanter et une unit\u00e9 de c\u0153ur. Afin de continuer une collaboration riche et fructueuse commenc\u00e9e il y a plusieurs ann\u00e9es avec le Pianiste, Chef d&rsquo;Orchestre et de Choeur Luc Baghdassarian, c&rsquo;est tout naturellement que celui-ci a accept\u00e9 de reprendre notre direction et nous nous r\u00e9jouissons de vivre de nouveaux moment musicaux avec lui.<\/p>\n","protected":false},"excerpt":{"rendered":"<p>Fond\u00e9 en 1964 par Jean-Pierre Bovey, l\u2019ensemble vocal A Cappella s\u2019est tout de suite sp\u00e9cialis\u00e9 dans le r\u00e9pertoire sacr\u00e9 et classique allant des madrigaux de la Renaissance \u00e0 C\u00e9sar Franck, Purcell, Faur\u00e9, Poulenc, etc. Compos\u00e9 de 60 chanteurs, il a \u00e9t\u00e9 dirig\u00e9 depuis 1996 jusqu&rsquo;\u00e0 2020 par V\u00e9ronika Horber avec laquelle il a interpr\u00e9t\u00e9 de [&hellip;]<\/p>\n","protected":false},"author":2,"featured_media":0,"parent":0,"menu_order":0,"comment_status":"closed","ping_status":"closed","template":"","meta":{"footnotes":""},"class_list":["post-11","page","type-page","status-publish","hentry"],"_links":{"self":[{"href":"https:\/\/choeur-a-cappella.ch\/index.php\/wp-json\/wp\/v2\/pages\/11","targetHints":{"allow":["GET"]}}],"collection":[{"href":"https:\/\/choeur-a-cappella.ch\/index.php\/wp-json\/wp\/v2\/pages"}],"about":[{"href":"https:\/\/choeur-a-cappella.ch\/index.php\/wp-json\/wp\/v2\/types\/page"}],"author":[{"embeddable":true,"href":"https:\/\/choeur-a-cappella.ch\/index.php\/wp-json\/wp\/v2\/users\/2"}],"replies":[{"embeddable":true,"href":"https:\/\/choeur-a-cappella.ch\/index.php\/wp-json\/wp\/v2\/comments?post=11"}],"version-history":[{"count":6,"href":"https:\/\/choeur-a-cappella.ch\/index.php\/wp-json\/wp\/v2\/pages\/11\/revisions"}],"predecessor-version":[{"id":5660,"href":"https:\/\/choeur-a-cappella.ch\/index.php\/wp-json\/wp\/v2\/pages\/11\/revisions\/5660"}],"wp:attachment":[{"href":"https:\/\/choeur-a-cappella.ch\/index.php\/wp-json\/wp\/v2\/media?parent=11"}],"curies":[{"name":"wp","href":"https:\/\/api.w.org\/{rel}","templated":true}]}}